{"id":3218,"date":"2023-03-27T09:31:48","date_gmt":"2023-03-27T07:31:48","guid":{"rendered":"https:\/\/www.foodentrepreneurs.com\/home\/"},"modified":"2023-06-15T16:58:48","modified_gmt":"2023-06-15T14:58:48","slug":"home","status":"publish","type":"page","link":"https:\/\/www.foodentrepreneurs.com\/es\/","title":{"rendered":"Home"},"content":{"rendered":"<h2><font style=\"vertical-align: inherit;\"><font style=\"vertical-align: inherit;\">La comunidad online para aquellos que quieren liderar la nueva revoluci\u00f3n alimentaria<\/font><\/font><font style=\"vertical-align: inherit;\"><font style=\"vertical-align: inherit;\">.<\/font><\/font><\/h2>\n<p>Consigue acceso exclusivo a herramientas empresariales, recursos e informaci\u00f3n, as\u00ed como entrevistas y estudios con las marcas m\u00e1s disruptivas en foodtech.<\/p>\n<p>\t\t\t<a href=\"https:\/\/www.foodentrepreneurs.com\/es\/unete\/\" role=\"button\"><br \/>\n\t\t\t\t\t\t\u00danete GRATIS ahora<br \/>\n\t\t\t\t\t<\/a><\/p>\n<h2>\u00daltimas noticias y tendencias<\/h2>\n<p>\t\t\t<a href=\"https:\/\/www.foodentrepreneurs.com\/es\/noticas-y-tendencias\/\" role=\"button\"><br \/>\n\t\t\t\t\t\tVer m\u00e1s noticias<br \/>\n\t\t\t\t\t<\/a><\/p>\n<h2>Eventos.<\/h2>\n<p>\t\t\t<a href=\"https:\/\/www.foodentrepreneurs.com\/es\/eventos\/\" role=\"button\"><br \/>\n\t\t\t\t\t\tM\u00e1s informaci\u00f3n<br \/>\n\t\t\t\t\t<\/a><\/p>\n<h2>Recursos.<\/h2>\n<p>\t\t\t<a href=\"https:\/\/www.foodentrepreneurs.com\/es\/recursos\/\" role=\"button\"><br \/>\n\t\t\t\t\t\tM\u00e1s informaci\u00f3n<br \/>\n\t\t\t\t\t<\/a><\/p>\n<h2>Nosotros.<\/h2>\n<p>\t\t\t<a href=\"https:\/\/www.foodentrepreneurs.com\/es\/nuestra-historia\/\" role=\"button\"><br \/>\n\t\t\t\t\t\tM\u00e1s informaci\u00f3n<br \/>\n\t\t\t\t\t<\/a><\/p>\n<h2>\u00danete a nosotros<\/h2>\n<p>\u00a1Siempre estamos buscando a personas y empresas emocionantes para unirse a la comunidad de Food Entrepreneurs!<\/p>\n<p>\t\t\t<a href=\"https:\/\/www.foodentrepreneurs.com\/es\/unete\/\" role=\"button\"><br \/>\n\t\t\t\t\t\t\u00danete<br \/>\n\t\t\t\t\t<\/a><\/p>\n","protected":false},"excerpt":{"rendered":"<p>La comunidad online para aquellos que quieren liderar la nueva revoluci\u00f3n alimentaria. Consigue acceso exclusivo a herramientas empresariales, recursos e informaci\u00f3n, as\u00ed como entrevistas y estudios con las marcas m\u00e1s disruptivas en foodtech. \u00danete GRATIS ahora \u00daltimas noticias y tendencias Ver m\u00e1s noticias Eventos. M\u00e1s informaci\u00f3n Recursos. M\u00e1s informaci\u00f3n Nosotros. M\u00e1s informaci\u00f3n \u00danete a nosotros [&hellip;]<\/p>\n","protected":false},"author":1,"featured_media":0,"parent":0,"menu_order":0,"comment_status":"closed","ping_status":"closed","template":"","meta":{"inline_featured_image":false,"footnotes":""},"class_list":["post-3218","page","type-page","status-publish","hentry"],"acf":[],"yoast_head":"<!-- This site is optimized with the Yoast SEO plugin v27.4 - https:\/\/yoast.com\/product\/yoast-seo-wordpress\/ -->\n<title>\u00danete a la Revoluci\u00f3n de los Alimentos | FoodEntrepreneurs<\/title>\n<meta name=\"description\" content=\"Obt\u00e9n acceso exclusivo a herramientas empresariales, recursos e informaci\u00f3n, as\u00ed como a entrevistas y estudios de casos con las marcas m\u00e1s disruptivas en foodtech. \u00danete a la comunidad en l\u00ednea para aquellos que quieren transformar y liderar la nueva revoluci\u00f3n alimentaria.\" \/>\n<meta name=\"robots\" content=\"index, follow, max-snippet:-1, max-image-preview:large, max-video-preview:-1\" \/>\n<link rel=\"canonical\" href=\"https:\/\/www.foodentrepreneurs.com\/es\/\" \/>\n<meta property=\"og:locale\" content=\"es_ES\" \/>\n<meta property=\"og:type\" content=\"article\" \/>\n<meta property=\"og:title\" content=\"\u00danete a la Revoluci\u00f3n de los Alimentos | FoodEntrepreneurs\" \/>\n<meta property=\"og:description\" content=\"Obt\u00e9n acceso exclusivo a herramientas empresariales, recursos e informaci\u00f3n, as\u00ed como a entrevistas y estudios de casos con las marcas m\u00e1s disruptivas en foodtech. \u00danete a la comunidad en l\u00ednea para aquellos que quieren transformar y liderar la nueva revoluci\u00f3n alimentaria.\" \/>\n<meta property=\"og:url\" content=\"https:\/\/www.foodentrepreneurs.com\/es\/\" \/>\n<meta property=\"og:site_name\" content=\"Foodentrepreneurs\" \/>\n<meta property=\"article:modified_time\" content=\"2023-06-15T14:58:48+00:00\" \/>\n<meta property=\"og:image\" content=\"https:\/\/www.foodentrepreneurs.com\/wp-content\/uploads\/foodentrepreneurs-hero.png\" \/>\n\t<meta property=\"og:image:width\" content=\"1920\" \/>\n\t<meta property=\"og:image:height\" content=\"600\" \/>\n\t<meta property=\"og:image:type\" content=\"image\/png\" \/>\n<meta name=\"twitter:card\" content=\"summary_large_image\" \/>\n<meta name=\"twitter:site\" content=\"@FoodpreneursCOM\" \/>\n<meta name=\"twitter:label1\" content=\"Tiempo de lectura\" \/>\n\t<meta name=\"twitter:data1\" content=\"2 minutos\" \/>\n<script type=\"application\/ld+json\" class=\"yoast-schema-graph\">{\"@context\":\"https:\\\/\\\/schema.org\",\"@graph\":[{\"@type\":\"WebPage\",\"@id\":\"https:\\\/\\\/www.foodentrepreneurs.com\\\/es\\\/\",\"url\":\"https:\\\/\\\/www.foodentrepreneurs.com\\\/es\\\/\",\"name\":\"\u00danete a la Revoluci\u00f3n de los Alimentos | FoodEntrepreneurs\",\"isPartOf\":{\"@id\":\"https:\\\/\\\/www.foodentrepreneurs.com\\\/es\\\/#website\"},\"datePublished\":\"2023-03-27T07:31:48+00:00\",\"dateModified\":\"2023-06-15T14:58:48+00:00\",\"description\":\"Obt\u00e9n acceso exclusivo a herramientas empresariales, recursos e informaci\u00f3n, as\u00ed como a entrevistas y estudios de casos con las marcas m\u00e1s disruptivas en foodtech. \u00danete a la comunidad en l\u00ednea para aquellos que quieren transformar y liderar la nueva revoluci\u00f3n alimentaria.\",\"breadcrumb\":{\"@id\":\"https:\\\/\\\/www.foodentrepreneurs.com\\\/es\\\/#breadcrumb\"},\"inLanguage\":\"es\",\"potentialAction\":[{\"@type\":\"ReadAction\",\"target\":[\"https:\\\/\\\/www.foodentrepreneurs.com\\\/es\\\/\"]}]},{\"@type\":\"BreadcrumbList\",\"@id\":\"https:\\\/\\\/www.foodentrepreneurs.com\\\/es\\\/#breadcrumb\",\"itemListElement\":[{\"@type\":\"ListItem\",\"position\":1,\"name\":\"Home\",\"item\":\"https:\\\/\\\/www.foodentrepreneurs.com\\\/es\\\/\"},{\"@type\":\"ListItem\",\"position\":2,\"name\":\"Home\"}]},{\"@type\":\"WebSite\",\"@id\":\"https:\\\/\\\/www.foodentrepreneurs.com\\\/es\\\/#website\",\"url\":\"https:\\\/\\\/www.foodentrepreneurs.com\\\/es\\\/\",\"name\":\"Foodentrepreneurs\",\"description\":\"Join the Food Revolution\",\"publisher\":{\"@id\":\"https:\\\/\\\/www.foodentrepreneurs.com\\\/es\\\/#organization\"},\"potentialAction\":[{\"@type\":\"SearchAction\",\"target\":{\"@type\":\"EntryPoint\",\"urlTemplate\":\"https:\\\/\\\/www.foodentrepreneurs.com\\\/es\\\/?s={search_term_string}\"},\"query-input\":{\"@type\":\"PropertyValueSpecification\",\"valueRequired\":true,\"valueName\":\"search_term_string\"}}],\"inLanguage\":\"es\"},{\"@type\":\"Organization\",\"@id\":\"https:\\\/\\\/www.foodentrepreneurs.com\\\/es\\\/#organization\",\"name\":\"Eatable Adventures SL\",\"url\":\"https:\\\/\\\/www.foodentrepreneurs.com\\\/es\\\/\",\"logo\":{\"@type\":\"ImageObject\",\"inLanguage\":\"es\",\"@id\":\"https:\\\/\\\/www.foodentrepreneurs.com\\\/es\\\/#\\\/schema\\\/logo\\\/image\\\/\",\"url\":\"https:\\\/\\\/www.foodentrepreneurs.com\\\/wp-content\\\/uploads\\\/favicon-foodentrepreneurs.png\",\"contentUrl\":\"https:\\\/\\\/www.foodentrepreneurs.com\\\/wp-content\\\/uploads\\\/favicon-foodentrepreneurs.png\",\"width\":140,\"height\":140,\"caption\":\"Eatable Adventures SL\"},\"image\":{\"@id\":\"https:\\\/\\\/www.foodentrepreneurs.com\\\/es\\\/#\\\/schema\\\/logo\\\/image\\\/\"},\"sameAs\":[\"https:\\\/\\\/x.com\\\/FoodpreneursCOM\"]}]}<\/script>\n<!-- \/ Yoast SEO plugin. -->","yoast_head_json":{"title":"\u00danete a la Revoluci\u00f3n de los Alimentos | FoodEntrepreneurs","description":"Obt\u00e9n acceso exclusivo a herramientas empresariales, recursos e informaci\u00f3n, as\u00ed como a entrevistas y estudios de casos con las marcas m\u00e1s disruptivas en foodtech. \u00danete a la comunidad en l\u00ednea para aquellos que quieren transformar y liderar la nueva revoluci\u00f3n alimentaria.","robots":{"index":"index","follow":"follow","max-snippet":"max-snippet:-1","max-image-preview":"max-image-preview:large","max-video-preview":"max-video-preview:-1"},"canonical":"https:\/\/www.foodentrepreneurs.com\/es\/","og_locale":"es_ES","og_type":"article","og_title":"\u00danete a la Revoluci\u00f3n de los Alimentos | FoodEntrepreneurs","og_description":"Obt\u00e9n acceso exclusivo a herramientas empresariales, recursos e informaci\u00f3n, as\u00ed como a entrevistas y estudios de casos con las marcas m\u00e1s disruptivas en foodtech. \u00danete a la comunidad en l\u00ednea para aquellos que quieren transformar y liderar la nueva revoluci\u00f3n alimentaria.","og_url":"https:\/\/www.foodentrepreneurs.com\/es\/","og_site_name":"Foodentrepreneurs","article_modified_time":"2023-06-15T14:58:48+00:00","og_image":[{"width":1920,"height":600,"url":"https:\/\/www.foodentrepreneurs.com\/wp-content\/uploads\/foodentrepreneurs-hero.png","type":"image\/png"}],"twitter_card":"summary_large_image","twitter_site":"@FoodpreneursCOM","twitter_misc":{"Tiempo de lectura":"2 minutos"},"schema":{"@context":"https:\/\/schema.org","@graph":[{"@type":"WebPage","@id":"https:\/\/www.foodentrepreneurs.com\/es\/","url":"https:\/\/www.foodentrepreneurs.com\/es\/","name":"\u00danete a la Revoluci\u00f3n de los Alimentos | FoodEntrepreneurs","isPartOf":{"@id":"https:\/\/www.foodentrepreneurs.com\/es\/#website"},"datePublished":"2023-03-27T07:31:48+00:00","dateModified":"2023-06-15T14:58:48+00:00","description":"Obt\u00e9n acceso exclusivo a herramientas empresariales, recursos e informaci\u00f3n, as\u00ed como a entrevistas y estudios de casos con las marcas m\u00e1s disruptivas en foodtech. \u00danete a la comunidad en l\u00ednea para aquellos que quieren transformar y liderar la nueva revoluci\u00f3n alimentaria.","breadcrumb":{"@id":"https:\/\/www.foodentrepreneurs.com\/es\/#breadcrumb"},"inLanguage":"es","potentialAction":[{"@type":"ReadAction","target":["https:\/\/www.foodentrepreneurs.com\/es\/"]}]},{"@type":"BreadcrumbList","@id":"https:\/\/www.foodentrepreneurs.com\/es\/#breadcrumb","itemListElement":[{"@type":"ListItem","position":1,"name":"Home","item":"https:\/\/www.foodentrepreneurs.com\/es\/"},{"@type":"ListItem","position":2,"name":"Home"}]},{"@type":"WebSite","@id":"https:\/\/www.foodentrepreneurs.com\/es\/#website","url":"https:\/\/www.foodentrepreneurs.com\/es\/","name":"Foodentrepreneurs","description":"Join the Food Revolution","publisher":{"@id":"https:\/\/www.foodentrepreneurs.com\/es\/#organization"},"potentialAction":[{"@type":"SearchAction","target":{"@type":"EntryPoint","urlTemplate":"https:\/\/www.foodentrepreneurs.com\/es\/?s={search_term_string}"},"query-input":{"@type":"PropertyValueSpecification","valueRequired":true,"valueName":"search_term_string"}}],"inLanguage":"es"},{"@type":"Organization","@id":"https:\/\/www.foodentrepreneurs.com\/es\/#organization","name":"Eatable Adventures SL","url":"https:\/\/www.foodentrepreneurs.com\/es\/","logo":{"@type":"ImageObject","inLanguage":"es","@id":"https:\/\/www.foodentrepreneurs.com\/es\/#\/schema\/logo\/image\/","url":"https:\/\/www.foodentrepreneurs.com\/wp-content\/uploads\/favicon-foodentrepreneurs.png","contentUrl":"https:\/\/www.foodentrepreneurs.com\/wp-content\/uploads\/favicon-foodentrepreneurs.png","width":140,"height":140,"caption":"Eatable Adventures SL"},"image":{"@id":"https:\/\/www.foodentrepreneurs.com\/es\/#\/schema\/logo\/image\/"},"sameAs":["https:\/\/x.com\/FoodpreneursCOM"]}]}},"_links":{"self":[{"href":"https:\/\/www.foodentrepreneurs.com\/es\/wp-json\/wp\/v2\/pages\/3218","targetHints":{"allow":["GET"]}}],"collection":[{"href":"https:\/\/www.foodentrepreneurs.com\/es\/wp-json\/wp\/v2\/pages"}],"about":[{"href":"https:\/\/www.foodentrepreneurs.com\/es\/wp-json\/wp\/v2\/types\/page"}],"author":[{"embeddable":true,"href":"https:\/\/www.foodentrepreneurs.com\/es\/wp-json\/wp\/v2\/users\/1"}],"replies":[{"embeddable":true,"href":"https:\/\/www.foodentrepreneurs.com\/es\/wp-json\/wp\/v2\/comments?post=3218"}],"version-history":[{"count":0,"href":"https:\/\/www.foodentrepreneurs.com\/es\/wp-json\/wp\/v2\/pages\/3218\/revisions"}],"wp:attachment":[{"href":"https:\/\/www.foodentrepreneurs.com\/es\/wp-json\/wp\/v2\/media?parent=3218"}],"curies":[{"name":"wp","href":"https:\/\/api.w.org\/{rel}","templated":true}]}}