{"id":3223,"date":"2023-03-27T16:36:22","date_gmt":"2023-03-27T14:36:22","guid":{"rendered":"https:\/\/www.foodentrepreneurs.com\/nuestra-historia\/"},"modified":"2023-05-09T11:16:49","modified_gmt":"2023-05-09T09:16:49","slug":"nuestra-historia","status":"publish","type":"page","link":"https:\/\/www.foodentrepreneurs.com\/es\/nuestra-historia\/","title":{"rendered":"Nuestra Historia"},"content":{"rendered":"<h2>Nuestra Historia.<\/h2>\n<p>Queremos ser la comunidad para aquellos que buscan el cambio, amantes de la innovaci\u00f3n y aquellos con apetito por la comida y los negocios.<\/p>\n<p>Somos una comunidad de emprendedores, corporaciones e inversores que pueden compartir sus ambiciones y conocimientos en la industria de alimentos y bebidas. Proporcionamos los elementos necesarios para prosperar en el mercado: noticias, tendencias y networking, las oportunidades son infinitas. Un equipo, una visi\u00f3n.<\/p>\n<h3>Powered By<\/h3>\n<p>\t\t\t\t\t\t\t\t\t\t\t\t\t\t\t<img decoding=\"async\" src=\"https:\/\/www.foodentrepreneurs.com\/wp-content\/uploads\/2023\/03\/eatable-adventures-logo.svg\" title=\"\" alt=\"\" loading=\"lazy\" \/>\t\t\t\t\t\t\t\t\t\t\t\t\t\t\t<\/p>\n<h3>Startups<\/h3>\n<p>Encuentra el apoyo, la experiencia y la metodolog\u00eda para fundamentar tus ideas y generar un crecimiento r\u00e1pido y sostenible. Los emprendedores ambiciosos pueden dar vida a sus ideas con la ayuda de profesionales experimentados.<\/p>\n<h3>Empresas<\/h3>\n<p>Encuentra motivaci\u00f3n y nuevas ideas en el mundo de las startups m\u00e1s innovadoras y de r\u00e1pido movimiento, que proporcionan una perspectiva fresca del sector y nuevas oportunidades de crecimiento en la industria.<\/p>\n<h3>Inversores<\/h3>\n<p>Buscan y ofrecen apoyo a startups prometedoras e innovadoras, que brindan oportunidades de m\u00e1ximo retorno de inversi\u00f3n para sus inversiones.<\/p>\n<p>\u00danete a nuestra plataforma de recursos innovadores para ayudar a que tu negocio prospere en el mercado. Esto incluye oportunidades de networking, podcasts y una variedad de datos y an\u00e1lisis. Nuestros art\u00edculos son la voz de la comunidad FoodTech y nos enorgullece brindar la informaci\u00f3n que las empresas necesitan para transformar la industria.<\/p>\n<p>Crece con las startups m\u00e1s innovadoras, corporaciones, inversores, emprendedores y amantes de la comida de todo el mundo, que se unen y comparten sus conocimientos y mejores pr\u00e1cticas en la industria de alimentos y bebidas. \u00bfQuieres formar parte de la comunidad de emprendedores del sector m\u00e1s grande del mundo?<\/p>\n<p>Potencia tus ideas gracias a nuestra gran cantidad de conocimientos, noticias y tendencias m\u00e1s importantes en la industria FoodTech, brind\u00e1ndote las habilidades necesarias para cambiar el mercado. A trav\u00e9s de nuestros art\u00edculos, boletines y eventos, inspiramos, informamos y lideramos la nueva revoluci\u00f3n alimentaria.<\/p>\n","protected":false},"excerpt":{"rendered":"<p>Nuestra Historia. Queremos ser la comunidad para aquellos que buscan el cambio, amantes de la innovaci\u00f3n y aquellos con apetito por la comida y los negocios. Somos una comunidad de emprendedores, corporaciones e inversores que pueden compartir sus ambiciones y conocimientos en la industria de alimentos y bebidas. Proporcionamos los elementos necesarios para prosperar en [&hellip;]<\/p>\n","protected":false},"author":1,"featured_media":0,"parent":0,"menu_order":13,"comment_status":"closed","ping_status":"closed","template":"","meta":{"inline_featured_image":false,"footnotes":""},"class_list":["post-3223","page","type-page","status-publish","hentry"],"acf":[],"yoast_head":"<!-- This site is optimized with the Yoast SEO plugin v27.3 - https:\/\/yoast.com\/product\/yoast-seo-wordpress\/ -->\n<title>Nuestra Historia | Foodentrepreneurs<\/title>\n<meta name=\"description\" content=\"Nuestra Historia. Queremos ser la comunidad para aquellos que buscan el cambio, amantes de la innovaci\u00f3n y aquellos con apetito por la comida y los\" \/>\n<meta name=\"robots\" content=\"index, follow, max-snippet:-1, max-image-preview:large, max-video-preview:-1\" \/>\n<link rel=\"canonical\" href=\"https:\/\/www.foodentrepreneurs.com\/es\/nuestra-historia\/\" \/>\n<meta property=\"og:locale\" content=\"es_ES\" \/>\n<meta property=\"og:type\" content=\"article\" \/>\n<meta property=\"og:title\" content=\"Nuestra Historia | Foodentrepreneurs\" \/>\n<meta property=\"og:description\" content=\"Nuestra Historia. Queremos ser la comunidad para aquellos que buscan el cambio, amantes de la innovaci\u00f3n y aquellos con apetito por la comida y los\" \/>\n<meta property=\"og:url\" content=\"https:\/\/www.foodentrepreneurs.com\/es\/nuestra-historia\/\" \/>\n<meta property=\"og:site_name\" content=\"Foodentrepreneurs\" \/>\n<meta property=\"article:modified_time\" content=\"2023-05-09T09:16:49+00:00\" \/>\n<meta property=\"og:image\" content=\"https:\/\/www.foodentrepreneurs.com\/wp-content\/uploads\/2023\/03\/eatable-adventures-logo.svg\" \/>\n<meta name=\"twitter:card\" content=\"summary_large_image\" \/>\n<meta name=\"twitter:site\" content=\"@FoodpreneursCOM\" \/>\n<meta name=\"twitter:label1\" content=\"Tiempo de lectura\" \/>\n\t<meta name=\"twitter:data1\" content=\"2 minutos\" \/>\n<script type=\"application\/ld+json\" class=\"yoast-schema-graph\">{\"@context\":\"https:\\\/\\\/schema.org\",\"@graph\":[{\"@type\":\"WebPage\",\"@id\":\"https:\\\/\\\/www.foodentrepreneurs.com\\\/es\\\/nuestra-historia\\\/\",\"url\":\"https:\\\/\\\/www.foodentrepreneurs.com\\\/es\\\/nuestra-historia\\\/\",\"name\":\"Nuestra Historia | Foodentrepreneurs\",\"isPartOf\":{\"@id\":\"https:\\\/\\\/www.foodentrepreneurs.com\\\/es\\\/#website\"},\"primaryImageOfPage\":{\"@id\":\"https:\\\/\\\/www.foodentrepreneurs.com\\\/es\\\/nuestra-historia\\\/#primaryimage\"},\"image\":{\"@id\":\"https:\\\/\\\/www.foodentrepreneurs.com\\\/es\\\/nuestra-historia\\\/#primaryimage\"},\"thumbnailUrl\":\"https:\\\/\\\/www.foodentrepreneurs.com\\\/wp-content\\\/uploads\\\/2023\\\/03\\\/eatable-adventures-logo.svg\",\"datePublished\":\"2023-03-27T14:36:22+00:00\",\"dateModified\":\"2023-05-09T09:16:49+00:00\",\"description\":\"Nuestra Historia. Queremos ser la comunidad para aquellos que buscan el cambio, amantes de la innovaci\u00f3n y aquellos con apetito por la comida y los\",\"breadcrumb\":{\"@id\":\"https:\\\/\\\/www.foodentrepreneurs.com\\\/es\\\/nuestra-historia\\\/#breadcrumb\"},\"inLanguage\":\"es\",\"potentialAction\":[{\"@type\":\"ReadAction\",\"target\":[\"https:\\\/\\\/www.foodentrepreneurs.com\\\/es\\\/nuestra-historia\\\/\"]}]},{\"@type\":\"ImageObject\",\"inLanguage\":\"es\",\"@id\":\"https:\\\/\\\/www.foodentrepreneurs.com\\\/es\\\/nuestra-historia\\\/#primaryimage\",\"url\":\"https:\\\/\\\/www.foodentrepreneurs.com\\\/wp-content\\\/uploads\\\/2023\\\/03\\\/eatable-adventures-logo.svg\",\"contentUrl\":\"https:\\\/\\\/www.foodentrepreneurs.com\\\/wp-content\\\/uploads\\\/2023\\\/03\\\/eatable-adventures-logo.svg\"},{\"@type\":\"BreadcrumbList\",\"@id\":\"https:\\\/\\\/www.foodentrepreneurs.com\\\/es\\\/nuestra-historia\\\/#breadcrumb\",\"itemListElement\":[{\"@type\":\"ListItem\",\"position\":1,\"name\":\"Home\",\"item\":\"https:\\\/\\\/www.foodentrepreneurs.com\\\/es\\\/\"},{\"@type\":\"ListItem\",\"position\":2,\"name\":\"Nuestra Historia\"}]},{\"@type\":\"WebSite\",\"@id\":\"https:\\\/\\\/www.foodentrepreneurs.com\\\/es\\\/#website\",\"url\":\"https:\\\/\\\/www.foodentrepreneurs.com\\\/es\\\/\",\"name\":\"Foodentrepreneurs\",\"description\":\"Join the Food Revolution\",\"publisher\":{\"@id\":\"https:\\\/\\\/www.foodentrepreneurs.com\\\/es\\\/#organization\"},\"potentialAction\":[{\"@type\":\"SearchAction\",\"target\":{\"@type\":\"EntryPoint\",\"urlTemplate\":\"https:\\\/\\\/www.foodentrepreneurs.com\\\/es\\\/?s={search_term_string}\"},\"query-input\":{\"@type\":\"PropertyValueSpecification\",\"valueRequired\":true,\"valueName\":\"search_term_string\"}}],\"inLanguage\":\"es\"},{\"@type\":\"Organization\",\"@id\":\"https:\\\/\\\/www.foodentrepreneurs.com\\\/es\\\/#organization\",\"name\":\"Eatable Adventures SL\",\"url\":\"https:\\\/\\\/www.foodentrepreneurs.com\\\/es\\\/\",\"logo\":{\"@type\":\"ImageObject\",\"inLanguage\":\"es\",\"@id\":\"https:\\\/\\\/www.foodentrepreneurs.com\\\/es\\\/#\\\/schema\\\/logo\\\/image\\\/\",\"url\":\"https:\\\/\\\/www.foodentrepreneurs.com\\\/wp-content\\\/uploads\\\/favicon-foodentrepreneurs.png\",\"contentUrl\":\"https:\\\/\\\/www.foodentrepreneurs.com\\\/wp-content\\\/uploads\\\/favicon-foodentrepreneurs.png\",\"width\":140,\"height\":140,\"caption\":\"Eatable Adventures SL\"},\"image\":{\"@id\":\"https:\\\/\\\/www.foodentrepreneurs.com\\\/es\\\/#\\\/schema\\\/logo\\\/image\\\/\"},\"sameAs\":[\"https:\\\/\\\/x.com\\\/FoodpreneursCOM\"]}]}<\/script>\n<!-- \/ Yoast SEO plugin. -->","yoast_head_json":{"title":"Nuestra Historia | Foodentrepreneurs","description":"Nuestra Historia. Queremos ser la comunidad para aquellos que buscan el cambio, amantes de la innovaci\u00f3n y aquellos con apetito por la comida y los","robots":{"index":"index","follow":"follow","max-snippet":"max-snippet:-1","max-image-preview":"max-image-preview:large","max-video-preview":"max-video-preview:-1"},"canonical":"https:\/\/www.foodentrepreneurs.com\/es\/nuestra-historia\/","og_locale":"es_ES","og_type":"article","og_title":"Nuestra Historia | Foodentrepreneurs","og_description":"Nuestra Historia. Queremos ser la comunidad para aquellos que buscan el cambio, amantes de la innovaci\u00f3n y aquellos con apetito por la comida y los","og_url":"https:\/\/www.foodentrepreneurs.com\/es\/nuestra-historia\/","og_site_name":"Foodentrepreneurs","article_modified_time":"2023-05-09T09:16:49+00:00","og_image":[{"url":"https:\/\/www.foodentrepreneurs.com\/wp-content\/uploads\/2023\/03\/eatable-adventures-logo.svg","type":"","width":"","height":""}],"twitter_card":"summary_large_image","twitter_site":"@FoodpreneursCOM","twitter_misc":{"Tiempo de lectura":"2 minutos"},"schema":{"@context":"https:\/\/schema.org","@graph":[{"@type":"WebPage","@id":"https:\/\/www.foodentrepreneurs.com\/es\/nuestra-historia\/","url":"https:\/\/www.foodentrepreneurs.com\/es\/nuestra-historia\/","name":"Nuestra Historia | Foodentrepreneurs","isPartOf":{"@id":"https:\/\/www.foodentrepreneurs.com\/es\/#website"},"primaryImageOfPage":{"@id":"https:\/\/www.foodentrepreneurs.com\/es\/nuestra-historia\/#primaryimage"},"image":{"@id":"https:\/\/www.foodentrepreneurs.com\/es\/nuestra-historia\/#primaryimage"},"thumbnailUrl":"https:\/\/www.foodentrepreneurs.com\/wp-content\/uploads\/2023\/03\/eatable-adventures-logo.svg","datePublished":"2023-03-27T14:36:22+00:00","dateModified":"2023-05-09T09:16:49+00:00","description":"Nuestra Historia. Queremos ser la comunidad para aquellos que buscan el cambio, amantes de la innovaci\u00f3n y aquellos con apetito por la comida y los","breadcrumb":{"@id":"https:\/\/www.foodentrepreneurs.com\/es\/nuestra-historia\/#breadcrumb"},"inLanguage":"es","potentialAction":[{"@type":"ReadAction","target":["https:\/\/www.foodentrepreneurs.com\/es\/nuestra-historia\/"]}]},{"@type":"ImageObject","inLanguage":"es","@id":"https:\/\/www.foodentrepreneurs.com\/es\/nuestra-historia\/#primaryimage","url":"https:\/\/www.foodentrepreneurs.com\/wp-content\/uploads\/2023\/03\/eatable-adventures-logo.svg","contentUrl":"https:\/\/www.foodentrepreneurs.com\/wp-content\/uploads\/2023\/03\/eatable-adventures-logo.svg"},{"@type":"BreadcrumbList","@id":"https:\/\/www.foodentrepreneurs.com\/es\/nuestra-historia\/#breadcrumb","itemListElement":[{"@type":"ListItem","position":1,"name":"Home","item":"https:\/\/www.foodentrepreneurs.com\/es\/"},{"@type":"ListItem","position":2,"name":"Nuestra Historia"}]},{"@type":"WebSite","@id":"https:\/\/www.foodentrepreneurs.com\/es\/#website","url":"https:\/\/www.foodentrepreneurs.com\/es\/","name":"Foodentrepreneurs","description":"Join the Food Revolution","publisher":{"@id":"https:\/\/www.foodentrepreneurs.com\/es\/#organization"},"potentialAction":[{"@type":"SearchAction","target":{"@type":"EntryPoint","urlTemplate":"https:\/\/www.foodentrepreneurs.com\/es\/?s={search_term_string}"},"query-input":{"@type":"PropertyValueSpecification","valueRequired":true,"valueName":"search_term_string"}}],"inLanguage":"es"},{"@type":"Organization","@id":"https:\/\/www.foodentrepreneurs.com\/es\/#organization","name":"Eatable Adventures SL","url":"https:\/\/www.foodentrepreneurs.com\/es\/","logo":{"@type":"ImageObject","inLanguage":"es","@id":"https:\/\/www.foodentrepreneurs.com\/es\/#\/schema\/logo\/image\/","url":"https:\/\/www.foodentrepreneurs.com\/wp-content\/uploads\/favicon-foodentrepreneurs.png","contentUrl":"https:\/\/www.foodentrepreneurs.com\/wp-content\/uploads\/favicon-foodentrepreneurs.png","width":140,"height":140,"caption":"Eatable Adventures SL"},"image":{"@id":"https:\/\/www.foodentrepreneurs.com\/es\/#\/schema\/logo\/image\/"},"sameAs":["https:\/\/x.com\/FoodpreneursCOM"]}]}},"_links":{"self":[{"href":"https:\/\/www.foodentrepreneurs.com\/es\/wp-json\/wp\/v2\/pages\/3223","targetHints":{"allow":["GET"]}}],"collection":[{"href":"https:\/\/www.foodentrepreneurs.com\/es\/wp-json\/wp\/v2\/pages"}],"about":[{"href":"https:\/\/www.foodentrepreneurs.com\/es\/wp-json\/wp\/v2\/types\/page"}],"author":[{"embeddable":true,"href":"https:\/\/www.foodentrepreneurs.com\/es\/wp-json\/wp\/v2\/users\/1"}],"replies":[{"embeddable":true,"href":"https:\/\/www.foodentrepreneurs.com\/es\/wp-json\/wp\/v2\/comments?post=3223"}],"version-history":[{"count":0,"href":"https:\/\/www.foodentrepreneurs.com\/es\/wp-json\/wp\/v2\/pages\/3223\/revisions"}],"wp:attachment":[{"href":"https:\/\/www.foodentrepreneurs.com\/es\/wp-json\/wp\/v2\/media?parent=3223"}],"curies":[{"name":"wp","href":"https:\/\/api.w.org\/{rel}","templated":true}]}}