{"id":3225,"date":"2023-03-27T16:36:12","date_gmt":"2023-03-27T14:36:12","guid":{"rendered":"https:\/\/www.foodentrepreneurs.com\/recursos\/"},"modified":"2023-05-09T10:54:15","modified_gmt":"2023-05-09T08:54:15","slug":"recursos","status":"publish","type":"page","link":"https:\/\/www.foodentrepreneurs.com\/es\/recursos\/","title":{"rendered":"Recursos"},"content":{"rendered":"<h2>Bienvenido a nuestra exclusiva biblioteca de recursos.<\/h2>\n<p>Descubre todas nuestras categor\u00edas a continuaci\u00f3n.<\/p>\n<p>\u00a0\t\t<\/p>\n<h2>\n\t\t\t\tDesarrollo de Productos.\t\t\t\t<\/h2>\n<p>Descarga nuestro contenido exclusivo para miembros e impulsa tu negocio hasta en los momentos m\u00e1s dif\u00edciles.<\/p>\n<h2>\n\t\t\t\tMarketing.\t\t\t\t<\/h2>\n<p>Descarga nuestro contenido exclusivo para miembros y encuentra soluci\u00f3n a todas tus necesidades de marketing.<\/p>\n<h2>\n\t\t\t\tBusiness.\t\t\t\t<\/h2>\n<p>Descarga nuestro contenido exclusivo para miembros y cubre tus necesidades empresariales.<\/p>\n<h2>\n\t\t\t\tFinancial.\t\t\t\t<\/h2>\n<p>Descarga nuestro contenido exclusivo para miembros y seremos tu aliado para conseguir tus objetivos financieros y ayudarte en la gesti\u00f3n.<\/p>\n","protected":false},"excerpt":{"rendered":"<p>Bienvenido a nuestra exclusiva biblioteca de recursos. Descubre todas nuestras categor\u00edas a continuaci\u00f3n. \u00a0 Desarrollo de Productos. Descarga nuestro contenido exclusivo para miembros e impulsa tu negocio hasta en los momentos m\u00e1s dif\u00edciles. Marketing. Descarga nuestro contenido exclusivo para miembros y encuentra soluci\u00f3n a todas tus necesidades de marketing. Business. Descarga nuestro contenido exclusivo para [&hellip;]<\/p>\n","protected":false},"author":1,"featured_media":0,"parent":0,"menu_order":12,"comment_status":"closed","ping_status":"closed","template":"","meta":{"inline_featured_image":false,"footnotes":""},"class_list":["post-3225","page","type-page","status-publish","hentry"],"acf":[],"yoast_head":"<!-- This site is optimized with the Yoast SEO plugin v27.4 - https:\/\/yoast.com\/product\/yoast-seo-wordpress\/ -->\n<title>Recursos | Foodentrepreneurs<\/title>\n<meta name=\"description\" content=\"Bienvenido a nuestra exclusiva biblioteca de recursos. Descubre todas nuestras categor\u00edas a continuaci\u00f3n.\u00a0 Desarrollo de Productos. Descarga nuestro\" \/>\n<meta name=\"robots\" content=\"index, follow, max-snippet:-1, max-image-preview:large, max-video-preview:-1\" \/>\n<link rel=\"canonical\" href=\"https:\/\/www.foodentrepreneurs.com\/es\/recursos\/\" \/>\n<meta property=\"og:locale\" content=\"es_ES\" \/>\n<meta property=\"og:type\" content=\"article\" \/>\n<meta property=\"og:title\" content=\"Recursos | Foodentrepreneurs\" \/>\n<meta property=\"og:description\" content=\"Bienvenido a nuestra exclusiva biblioteca de recursos. Descubre todas nuestras categor\u00edas a continuaci\u00f3n.\u00a0 Desarrollo de Productos. Descarga nuestro\" \/>\n<meta property=\"og:url\" content=\"https:\/\/www.foodentrepreneurs.com\/es\/recursos\/\" \/>\n<meta property=\"og:site_name\" content=\"Foodentrepreneurs\" \/>\n<meta property=\"article:modified_time\" content=\"2023-05-09T08:54:15+00:00\" \/>\n<meta property=\"og:image\" content=\"https:\/\/www.foodentrepreneurs.com\/wp-content\/uploads\/foodentrepreneurs-hero.png\" \/>\n\t<meta property=\"og:image:width\" content=\"1920\" \/>\n\t<meta property=\"og:image:height\" content=\"600\" \/>\n\t<meta property=\"og:image:type\" content=\"image\/png\" \/>\n<meta name=\"twitter:card\" content=\"summary_large_image\" \/>\n<meta name=\"twitter:site\" content=\"@FoodpreneursCOM\" \/>\n<meta name=\"twitter:label1\" content=\"Tiempo de lectura\" \/>\n\t<meta name=\"twitter:data1\" content=\"1 minuto\" \/>\n<script type=\"application\/ld+json\" class=\"yoast-schema-graph\">{\"@context\":\"https:\\\/\\\/schema.org\",\"@graph\":[{\"@type\":\"WebPage\",\"@id\":\"https:\\\/\\\/www.foodentrepreneurs.com\\\/es\\\/recursos\\\/\",\"url\":\"https:\\\/\\\/www.foodentrepreneurs.com\\\/es\\\/recursos\\\/\",\"name\":\"Recursos | Foodentrepreneurs\",\"isPartOf\":{\"@id\":\"https:\\\/\\\/www.foodentrepreneurs.com\\\/es\\\/#website\"},\"datePublished\":\"2023-03-27T14:36:12+00:00\",\"dateModified\":\"2023-05-09T08:54:15+00:00\",\"description\":\"Bienvenido a nuestra exclusiva biblioteca de recursos. Descubre todas nuestras categor\u00edas a continuaci\u00f3n.\u00a0 Desarrollo de Productos. Descarga nuestro\",\"breadcrumb\":{\"@id\":\"https:\\\/\\\/www.foodentrepreneurs.com\\\/es\\\/recursos\\\/#breadcrumb\"},\"inLanguage\":\"es\",\"potentialAction\":[{\"@type\":\"ReadAction\",\"target\":[\"https:\\\/\\\/www.foodentrepreneurs.com\\\/es\\\/recursos\\\/\"]}]},{\"@type\":\"BreadcrumbList\",\"@id\":\"https:\\\/\\\/www.foodentrepreneurs.com\\\/es\\\/recursos\\\/#breadcrumb\",\"itemListElement\":[{\"@type\":\"ListItem\",\"position\":1,\"name\":\"Home\",\"item\":\"https:\\\/\\\/www.foodentrepreneurs.com\\\/es\\\/\"},{\"@type\":\"ListItem\",\"position\":2,\"name\":\"Recursos\"}]},{\"@type\":\"WebSite\",\"@id\":\"https:\\\/\\\/www.foodentrepreneurs.com\\\/es\\\/#website\",\"url\":\"https:\\\/\\\/www.foodentrepreneurs.com\\\/es\\\/\",\"name\":\"Foodentrepreneurs\",\"description\":\"Join the Food Revolution\",\"publisher\":{\"@id\":\"https:\\\/\\\/www.foodentrepreneurs.com\\\/es\\\/#organization\"},\"potentialAction\":[{\"@type\":\"SearchAction\",\"target\":{\"@type\":\"EntryPoint\",\"urlTemplate\":\"https:\\\/\\\/www.foodentrepreneurs.com\\\/es\\\/?s={search_term_string}\"},\"query-input\":{\"@type\":\"PropertyValueSpecification\",\"valueRequired\":true,\"valueName\":\"search_term_string\"}}],\"inLanguage\":\"es\"},{\"@type\":\"Organization\",\"@id\":\"https:\\\/\\\/www.foodentrepreneurs.com\\\/es\\\/#organization\",\"name\":\"Eatable Adventures SL\",\"url\":\"https:\\\/\\\/www.foodentrepreneurs.com\\\/es\\\/\",\"logo\":{\"@type\":\"ImageObject\",\"inLanguage\":\"es\",\"@id\":\"https:\\\/\\\/www.foodentrepreneurs.com\\\/es\\\/#\\\/schema\\\/logo\\\/image\\\/\",\"url\":\"https:\\\/\\\/www.foodentrepreneurs.com\\\/wp-content\\\/uploads\\\/favicon-foodentrepreneurs.png\",\"contentUrl\":\"https:\\\/\\\/www.foodentrepreneurs.com\\\/wp-content\\\/uploads\\\/favicon-foodentrepreneurs.png\",\"width\":140,\"height\":140,\"caption\":\"Eatable Adventures SL\"},\"image\":{\"@id\":\"https:\\\/\\\/www.foodentrepreneurs.com\\\/es\\\/#\\\/schema\\\/logo\\\/image\\\/\"},\"sameAs\":[\"https:\\\/\\\/x.com\\\/FoodpreneursCOM\"]}]}<\/script>\n<!-- \/ Yoast SEO plugin. -->","yoast_head_json":{"title":"Recursos | Foodentrepreneurs","description":"Bienvenido a nuestra exclusiva biblioteca de recursos. Descubre todas nuestras categor\u00edas a continuaci\u00f3n.\u00a0 Desarrollo de Productos. Descarga nuestro","robots":{"index":"index","follow":"follow","max-snippet":"max-snippet:-1","max-image-preview":"max-image-preview:large","max-video-preview":"max-video-preview:-1"},"canonical":"https:\/\/www.foodentrepreneurs.com\/es\/recursos\/","og_locale":"es_ES","og_type":"article","og_title":"Recursos | Foodentrepreneurs","og_description":"Bienvenido a nuestra exclusiva biblioteca de recursos. Descubre todas nuestras categor\u00edas a continuaci\u00f3n.\u00a0 Desarrollo de Productos. Descarga nuestro","og_url":"https:\/\/www.foodentrepreneurs.com\/es\/recursos\/","og_site_name":"Foodentrepreneurs","article_modified_time":"2023-05-09T08:54:15+00:00","og_image":[{"width":1920,"height":600,"url":"https:\/\/www.foodentrepreneurs.com\/wp-content\/uploads\/foodentrepreneurs-hero.png","type":"image\/png"}],"twitter_card":"summary_large_image","twitter_site":"@FoodpreneursCOM","twitter_misc":{"Tiempo de lectura":"1 minuto"},"schema":{"@context":"https:\/\/schema.org","@graph":[{"@type":"WebPage","@id":"https:\/\/www.foodentrepreneurs.com\/es\/recursos\/","url":"https:\/\/www.foodentrepreneurs.com\/es\/recursos\/","name":"Recursos | Foodentrepreneurs","isPartOf":{"@id":"https:\/\/www.foodentrepreneurs.com\/es\/#website"},"datePublished":"2023-03-27T14:36:12+00:00","dateModified":"2023-05-09T08:54:15+00:00","description":"Bienvenido a nuestra exclusiva biblioteca de recursos. Descubre todas nuestras categor\u00edas a continuaci\u00f3n.\u00a0 Desarrollo de Productos. Descarga nuestro","breadcrumb":{"@id":"https:\/\/www.foodentrepreneurs.com\/es\/recursos\/#breadcrumb"},"inLanguage":"es","potentialAction":[{"@type":"ReadAction","target":["https:\/\/www.foodentrepreneurs.com\/es\/recursos\/"]}]},{"@type":"BreadcrumbList","@id":"https:\/\/www.foodentrepreneurs.com\/es\/recursos\/#breadcrumb","itemListElement":[{"@type":"ListItem","position":1,"name":"Home","item":"https:\/\/www.foodentrepreneurs.com\/es\/"},{"@type":"ListItem","position":2,"name":"Recursos"}]},{"@type":"WebSite","@id":"https:\/\/www.foodentrepreneurs.com\/es\/#website","url":"https:\/\/www.foodentrepreneurs.com\/es\/","name":"Foodentrepreneurs","description":"Join the Food Revolution","publisher":{"@id":"https:\/\/www.foodentrepreneurs.com\/es\/#organization"},"potentialAction":[{"@type":"SearchAction","target":{"@type":"EntryPoint","urlTemplate":"https:\/\/www.foodentrepreneurs.com\/es\/?s={search_term_string}"},"query-input":{"@type":"PropertyValueSpecification","valueRequired":true,"valueName":"search_term_string"}}],"inLanguage":"es"},{"@type":"Organization","@id":"https:\/\/www.foodentrepreneurs.com\/es\/#organization","name":"Eatable Adventures SL","url":"https:\/\/www.foodentrepreneurs.com\/es\/","logo":{"@type":"ImageObject","inLanguage":"es","@id":"https:\/\/www.foodentrepreneurs.com\/es\/#\/schema\/logo\/image\/","url":"https:\/\/www.foodentrepreneurs.com\/wp-content\/uploads\/favicon-foodentrepreneurs.png","contentUrl":"https:\/\/www.foodentrepreneurs.com\/wp-content\/uploads\/favicon-foodentrepreneurs.png","width":140,"height":140,"caption":"Eatable Adventures SL"},"image":{"@id":"https:\/\/www.foodentrepreneurs.com\/es\/#\/schema\/logo\/image\/"},"sameAs":["https:\/\/x.com\/FoodpreneursCOM"]}]}},"_links":{"self":[{"href":"https:\/\/www.foodentrepreneurs.com\/es\/wp-json\/wp\/v2\/pages\/3225","targetHints":{"allow":["GET"]}}],"collection":[{"href":"https:\/\/www.foodentrepreneurs.com\/es\/wp-json\/wp\/v2\/pages"}],"about":[{"href":"https:\/\/www.foodentrepreneurs.com\/es\/wp-json\/wp\/v2\/types\/page"}],"author":[{"embeddable":true,"href":"https:\/\/www.foodentrepreneurs.com\/es\/wp-json\/wp\/v2\/users\/1"}],"replies":[{"embeddable":true,"href":"https:\/\/www.foodentrepreneurs.com\/es\/wp-json\/wp\/v2\/comments?post=3225"}],"version-history":[{"count":0,"href":"https:\/\/www.foodentrepreneurs.com\/es\/wp-json\/wp\/v2\/pages\/3225\/revisions"}],"wp:attachment":[{"href":"https:\/\/www.foodentrepreneurs.com\/es\/wp-json\/wp\/v2\/media?parent=3225"}],"curies":[{"name":"wp","href":"https:\/\/api.w.org\/{rel}","templated":true}]}}