{"id":3227,"date":"2023-03-27T19:36:35","date_gmt":"2023-03-27T17:36:35","guid":{"rendered":"https:\/\/www.foodentrepreneurs.com\/unete\/"},"modified":"2023-05-09T11:27:06","modified_gmt":"2023-05-09T09:27:06","slug":"unete","status":"publish","type":"page","link":"https:\/\/www.foodentrepreneurs.com\/es\/unete\/","title":{"rendered":"\u00danete"},"content":{"rendered":"<h2>\u00danete<\/h2>\n<p>Comparte, fortalece e inspira con nuestras oportunidades de colaboraci\u00f3n.<\/p>\n<p>Siempre estamos buscando a personas y empresas emocionantes para unirse a la comunidad de <strong>Food Entrepreneurs<\/strong>. Convi\u00e9rtete en un referente en la industria de\u00a0<em>foodtech<\/em> y mantente al d\u00eda con las <strong>\u00faltimas tendencias e ideas empresariales<\/strong> de otras empresas innovadoras.<\/p>\n<p>Incluso puedes hacer que tu voz sea escuchada; invol\u00facrate con nuestros posts en el blog y comparte tu experiencia, conocimientos y consejos con otros emprendedores de alimentos con ideas afines y <strong>promociona tu startup y tus ideas empresariales<\/strong>.<\/p>\n<p><strong>Potencia tus conexiones<\/strong> en nuestros eventos y charlas mensuales, donde no solo informamos, sino que tambi\u00e9n inspiramos a la comunidad de <em>foodtech<\/em>.<\/p>\n<p><strong>Piensa en oportunidades de networking, financiaci\u00f3n e inversi\u00f3n<\/strong>. \u00bfQuieres convertirte en un impulsor local de crecimiento innovador en tu comunidad local? Convi\u00e9rtete ahora en un referente de la comunidad para FE y desarrolla nuestros eventos y networking en tu ciudad, con nuestro apoyo y ventajas para tu empresa. Las oportunidades comienzan aqu\u00ed.<\/p>\n<h2>Accede ahora.<\/h2>\n<p>\t\t\t<a role=\"button\"><br \/>\n\t\t\t\t\t\tAcceder<br \/>\n\t\t\t\t\t<\/a><\/p>\n<h2>Registra tu cuenta.<\/h2>\n<p>\t\t[user_registration_form id=\u00bb724&#8243;]<\/p>\n","protected":false},"excerpt":{"rendered":"<p>\u00danete Comparte, fortalece e inspira con nuestras oportunidades de colaboraci\u00f3n. Siempre estamos buscando a personas y empresas emocionantes para unirse a la comunidad de Food Entrepreneurs. Convi\u00e9rtete en un referente en la industria de\u00a0foodtech y mantente al d\u00eda con las \u00faltimas tendencias e ideas empresariales de otras empresas innovadoras. Incluso puedes hacer que tu voz [&hellip;]<\/p>\n","protected":false},"author":1,"featured_media":0,"parent":0,"menu_order":30,"comment_status":"closed","ping_status":"closed","template":"","meta":{"inline_featured_image":false,"footnotes":""},"class_list":["post-3227","page","type-page","status-publish","hentry"],"acf":[],"yoast_head":"<!-- This site is optimized with the Yoast SEO plugin v27.4 - https:\/\/yoast.com\/product\/yoast-seo-wordpress\/ -->\n<title>\u00danete | Foodentrepreneurs<\/title>\n<meta name=\"description\" content=\"\u00danete Comparte, fortalece e inspira con nuestras oportunidades de colaboraci\u00f3n. Siempre estamos buscando a personas y empresas emocionantes para unirse a\" \/>\n<meta name=\"robots\" content=\"index, follow, max-snippet:-1, max-image-preview:large, max-video-preview:-1\" \/>\n<link rel=\"canonical\" href=\"https:\/\/www.foodentrepreneurs.com\/es\/unete\/\" \/>\n<meta property=\"og:locale\" content=\"es_ES\" \/>\n<meta property=\"og:type\" content=\"article\" \/>\n<meta property=\"og:title\" content=\"\u00danete | Foodentrepreneurs\" \/>\n<meta property=\"og:description\" content=\"\u00danete Comparte, fortalece e inspira con nuestras oportunidades de colaboraci\u00f3n. Siempre estamos buscando a personas y empresas emocionantes para unirse a\" \/>\n<meta property=\"og:url\" content=\"https:\/\/www.foodentrepreneurs.com\/es\/unete\/\" \/>\n<meta property=\"og:site_name\" content=\"Foodentrepreneurs\" \/>\n<meta property=\"article:modified_time\" content=\"2023-05-09T09:27:06+00:00\" \/>\n<meta property=\"og:image\" content=\"https:\/\/www.foodentrepreneurs.com\/wp-content\/uploads\/foodentrepreneurs-hero.png\" \/>\n\t<meta property=\"og:image:width\" content=\"1920\" \/>\n\t<meta property=\"og:image:height\" content=\"600\" \/>\n\t<meta property=\"og:image:type\" content=\"image\/png\" \/>\n<meta name=\"twitter:card\" content=\"summary_large_image\" \/>\n<meta name=\"twitter:site\" content=\"@FoodpreneursCOM\" \/>\n<meta name=\"twitter:label1\" content=\"Tiempo de lectura\" \/>\n\t<meta name=\"twitter:data1\" content=\"1 minuto\" \/>\n<script type=\"application\/ld+json\" class=\"yoast-schema-graph\">{\"@context\":\"https:\\\/\\\/schema.org\",\"@graph\":[{\"@type\":\"WebPage\",\"@id\":\"https:\\\/\\\/www.foodentrepreneurs.com\\\/es\\\/unete\\\/\",\"url\":\"https:\\\/\\\/www.foodentrepreneurs.com\\\/es\\\/unete\\\/\",\"name\":\"\u00danete | Foodentrepreneurs\",\"isPartOf\":{\"@id\":\"https:\\\/\\\/www.foodentrepreneurs.com\\\/es\\\/#website\"},\"datePublished\":\"2023-03-27T17:36:35+00:00\",\"dateModified\":\"2023-05-09T09:27:06+00:00\",\"description\":\"\u00danete Comparte, fortalece e inspira con nuestras oportunidades de colaboraci\u00f3n. Siempre estamos buscando a personas y empresas emocionantes para unirse a\",\"breadcrumb\":{\"@id\":\"https:\\\/\\\/www.foodentrepreneurs.com\\\/es\\\/unete\\\/#breadcrumb\"},\"inLanguage\":\"es\",\"potentialAction\":[{\"@type\":\"ReadAction\",\"target\":[\"https:\\\/\\\/www.foodentrepreneurs.com\\\/es\\\/unete\\\/\"]}]},{\"@type\":\"BreadcrumbList\",\"@id\":\"https:\\\/\\\/www.foodentrepreneurs.com\\\/es\\\/unete\\\/#breadcrumb\",\"itemListElement\":[{\"@type\":\"ListItem\",\"position\":1,\"name\":\"Home\",\"item\":\"https:\\\/\\\/www.foodentrepreneurs.com\\\/es\\\/\"},{\"@type\":\"ListItem\",\"position\":2,\"name\":\"\u00danete\"}]},{\"@type\":\"WebSite\",\"@id\":\"https:\\\/\\\/www.foodentrepreneurs.com\\\/es\\\/#website\",\"url\":\"https:\\\/\\\/www.foodentrepreneurs.com\\\/es\\\/\",\"name\":\"Foodentrepreneurs\",\"description\":\"Join the Food Revolution\",\"publisher\":{\"@id\":\"https:\\\/\\\/www.foodentrepreneurs.com\\\/es\\\/#organization\"},\"potentialAction\":[{\"@type\":\"SearchAction\",\"target\":{\"@type\":\"EntryPoint\",\"urlTemplate\":\"https:\\\/\\\/www.foodentrepreneurs.com\\\/es\\\/?s={search_term_string}\"},\"query-input\":{\"@type\":\"PropertyValueSpecification\",\"valueRequired\":true,\"valueName\":\"search_term_string\"}}],\"inLanguage\":\"es\"},{\"@type\":\"Organization\",\"@id\":\"https:\\\/\\\/www.foodentrepreneurs.com\\\/es\\\/#organization\",\"name\":\"Eatable Adventures SL\",\"url\":\"https:\\\/\\\/www.foodentrepreneurs.com\\\/es\\\/\",\"logo\":{\"@type\":\"ImageObject\",\"inLanguage\":\"es\",\"@id\":\"https:\\\/\\\/www.foodentrepreneurs.com\\\/es\\\/#\\\/schema\\\/logo\\\/image\\\/\",\"url\":\"https:\\\/\\\/www.foodentrepreneurs.com\\\/wp-content\\\/uploads\\\/favicon-foodentrepreneurs.png\",\"contentUrl\":\"https:\\\/\\\/www.foodentrepreneurs.com\\\/wp-content\\\/uploads\\\/favicon-foodentrepreneurs.png\",\"width\":140,\"height\":140,\"caption\":\"Eatable Adventures SL\"},\"image\":{\"@id\":\"https:\\\/\\\/www.foodentrepreneurs.com\\\/es\\\/#\\\/schema\\\/logo\\\/image\\\/\"},\"sameAs\":[\"https:\\\/\\\/x.com\\\/FoodpreneursCOM\"]}]}<\/script>\n<!-- \/ Yoast SEO plugin. -->","yoast_head_json":{"title":"\u00danete | Foodentrepreneurs","description":"\u00danete Comparte, fortalece e inspira con nuestras oportunidades de colaboraci\u00f3n. Siempre estamos buscando a personas y empresas emocionantes para unirse a","robots":{"index":"index","follow":"follow","max-snippet":"max-snippet:-1","max-image-preview":"max-image-preview:large","max-video-preview":"max-video-preview:-1"},"canonical":"https:\/\/www.foodentrepreneurs.com\/es\/unete\/","og_locale":"es_ES","og_type":"article","og_title":"\u00danete | Foodentrepreneurs","og_description":"\u00danete Comparte, fortalece e inspira con nuestras oportunidades de colaboraci\u00f3n. Siempre estamos buscando a personas y empresas emocionantes para unirse a","og_url":"https:\/\/www.foodentrepreneurs.com\/es\/unete\/","og_site_name":"Foodentrepreneurs","article_modified_time":"2023-05-09T09:27:06+00:00","og_image":[{"width":1920,"height":600,"url":"https:\/\/www.foodentrepreneurs.com\/wp-content\/uploads\/foodentrepreneurs-hero.png","type":"image\/png"}],"twitter_card":"summary_large_image","twitter_site":"@FoodpreneursCOM","twitter_misc":{"Tiempo de lectura":"1 minuto"},"schema":{"@context":"https:\/\/schema.org","@graph":[{"@type":"WebPage","@id":"https:\/\/www.foodentrepreneurs.com\/es\/unete\/","url":"https:\/\/www.foodentrepreneurs.com\/es\/unete\/","name":"\u00danete | Foodentrepreneurs","isPartOf":{"@id":"https:\/\/www.foodentrepreneurs.com\/es\/#website"},"datePublished":"2023-03-27T17:36:35+00:00","dateModified":"2023-05-09T09:27:06+00:00","description":"\u00danete Comparte, fortalece e inspira con nuestras oportunidades de colaboraci\u00f3n. Siempre estamos buscando a personas y empresas emocionantes para unirse a","breadcrumb":{"@id":"https:\/\/www.foodentrepreneurs.com\/es\/unete\/#breadcrumb"},"inLanguage":"es","potentialAction":[{"@type":"ReadAction","target":["https:\/\/www.foodentrepreneurs.com\/es\/unete\/"]}]},{"@type":"BreadcrumbList","@id":"https:\/\/www.foodentrepreneurs.com\/es\/unete\/#breadcrumb","itemListElement":[{"@type":"ListItem","position":1,"name":"Home","item":"https:\/\/www.foodentrepreneurs.com\/es\/"},{"@type":"ListItem","position":2,"name":"\u00danete"}]},{"@type":"WebSite","@id":"https:\/\/www.foodentrepreneurs.com\/es\/#website","url":"https:\/\/www.foodentrepreneurs.com\/es\/","name":"Foodentrepreneurs","description":"Join the Food Revolution","publisher":{"@id":"https:\/\/www.foodentrepreneurs.com\/es\/#organization"},"potentialAction":[{"@type":"SearchAction","target":{"@type":"EntryPoint","urlTemplate":"https:\/\/www.foodentrepreneurs.com\/es\/?s={search_term_string}"},"query-input":{"@type":"PropertyValueSpecification","valueRequired":true,"valueName":"search_term_string"}}],"inLanguage":"es"},{"@type":"Organization","@id":"https:\/\/www.foodentrepreneurs.com\/es\/#organization","name":"Eatable Adventures SL","url":"https:\/\/www.foodentrepreneurs.com\/es\/","logo":{"@type":"ImageObject","inLanguage":"es","@id":"https:\/\/www.foodentrepreneurs.com\/es\/#\/schema\/logo\/image\/","url":"https:\/\/www.foodentrepreneurs.com\/wp-content\/uploads\/favicon-foodentrepreneurs.png","contentUrl":"https:\/\/www.foodentrepreneurs.com\/wp-content\/uploads\/favicon-foodentrepreneurs.png","width":140,"height":140,"caption":"Eatable Adventures SL"},"image":{"@id":"https:\/\/www.foodentrepreneurs.com\/es\/#\/schema\/logo\/image\/"},"sameAs":["https:\/\/x.com\/FoodpreneursCOM"]}]}},"_links":{"self":[{"href":"https:\/\/www.foodentrepreneurs.com\/es\/wp-json\/wp\/v2\/pages\/3227","targetHints":{"allow":["GET"]}}],"collection":[{"href":"https:\/\/www.foodentrepreneurs.com\/es\/wp-json\/wp\/v2\/pages"}],"about":[{"href":"https:\/\/www.foodentrepreneurs.com\/es\/wp-json\/wp\/v2\/types\/page"}],"author":[{"embeddable":true,"href":"https:\/\/www.foodentrepreneurs.com\/es\/wp-json\/wp\/v2\/users\/1"}],"replies":[{"embeddable":true,"href":"https:\/\/www.foodentrepreneurs.com\/es\/wp-json\/wp\/v2\/comments?post=3227"}],"version-history":[{"count":0,"href":"https:\/\/www.foodentrepreneurs.com\/es\/wp-json\/wp\/v2\/pages\/3227\/revisions"}],"wp:attachment":[{"href":"https:\/\/www.foodentrepreneurs.com\/es\/wp-json\/wp\/v2\/media?parent=3227"}],"curies":[{"name":"wp","href":"https:\/\/api.w.org\/{rel}","templated":true}]}}