{"id":3229,"date":"2023-03-27T09:31:48","date_gmt":"2023-03-27T07:31:48","guid":{"rendered":"https:\/\/www.foodentrepreneurs.com\/politica-de-privacidad\/"},"modified":"2023-04-04T13:09:30","modified_gmt":"2023-04-04T11:09:30","slug":"politica-de-privacidad","status":"publish","type":"page","link":"https:\/\/www.foodentrepreneurs.com\/es\/politica-de-privacidad\/","title":{"rendered":"Pol\u00edtica de Privacidad"},"content":{"rendered":"<style>\/*! elementor - v3.12.1 - 02-04-2023 *\/\n.elementor-heading-title{padding:0;margin:0;line-height:1}.elementor-widget-heading .elementor-heading-title[class*=elementor-size-]>a{color:inherit;font-size:inherit;line-height:inherit}.elementor-widget-heading .elementor-heading-title.elementor-size-small{font-size:15px}.elementor-widget-heading .elementor-heading-title.elementor-size-medium{font-size:19px}.elementor-widget-heading .elementor-heading-title.elementor-size-large{font-size:29px}.elementor-widget-heading .elementor-heading-title.elementor-size-xl{font-size:39px}.elementor-widget-heading .elementor-heading-title.elementor-size-xxl{font-size:59px}<\/style>\n<h1>Pol\u00edtica de Privacidad<\/h1>\n<p><strong>LEA DETENIDAMENTE ANTES DE PROPORCIONAR LOS DATOS PERSONALES SOLICITADOS.<\/strong><\/p>\n<p>Food Entrepreneurs, con oficina registrada en Calle Serrano, 219 1\u00baC \u2013 28016 Madrid y con N\u00famero de Identificaci\u00f3n Fiscal B-87521316, inscrita en el Registro de Empresas de Madrid, Hoja M-621606, Tomo 34555, Folio 147, de acuerdo con el Reglamento (UE) 679\/2016, de 27 de abril de 2016, el Reglamento General de Protecci\u00f3n de Datos o GDPR, y con la Ley Org\u00e1nica 3\/2018, de 5 de diciembre, de Protecci\u00f3n de Datos Personales y garant\u00eda de derechos digitales (LOPD), le informa que los datos que usted proporciona en el formulario en l\u00ednea publicado en el sitio web <a href=\"https:\/\/www.foodentrepreneurs.com\/es\/\">www.foodentrepreneurs.com<\/a> se almacenar\u00e1n en las bases de datos automatizadas de Food Entrepreneurs y ser\u00e1n procesados por esta empresa con el prop\u00f3sito de tener datos sobre las personas que acceden al sitio web, \u00fanicamente para uso interno.<\/p>\n<p>Al completar el formulario en l\u00ednea y\/o enviar cualquier informaci\u00f3n personal a Food Entrepreneurs, el titular de los datos debe dar su consentimiento inequ\u00edvoco y expreso a esta empresa para obtener sus datos personales para el prop\u00f3sito mencionado anteriormente. Sin embargo, se solicitar\u00e1 su consentimiento expreso m\u00e1s adelante, en la secci\u00f3n de \u00abconsentimiento\u00bb.<br \/>\nDe acuerdo con la secci\u00f3n 5 de la Ley 25\/2007, de 18 de octubre, sobre el plazo de almacenamiento de datos relacionados con las comunicaciones electr\u00f3nicas y las redes de comunicaci\u00f3n p\u00fablica, Food Entrepreneurs almacenar\u00e1 durante un per\u00edodo de doce meses los datos indispensables para identificar el origen de los datos alojados y el momento del inicio de la prestaci\u00f3n del servicio. La obligaci\u00f3n de almacenar los datos no afectar\u00e1 al secreto de las comunicaciones. Los datos se almacenar\u00e1n por razones de seguridad y no se utilizar\u00e1n para ning\u00fan prop\u00f3sito que no sea el establecido en la mencionada ley.<br \/>\nDe conformidad con el GDPR y la LOPD, se informa a los usuarios de que los datos que proporcionan se almacenar\u00e1n en las bases de datos automatizadas de Food Entrepreneurs y ser\u00e1n procesados por esta empresa \u00fanicamente para uso interno.<\/p>\n<p><strong>Informaci\u00f3n b\u00e1sica sobre el procesamiento de datos personales:<\/strong><\/p>\n<p><em><strong>Responsable del tratamiento:<\/strong><\/em> Food Entrepreneurs., con oficina registrada en Calle Serrano, 219 1\u00baC \u2013 28016 Madrid, con n\u00famero de identificaci\u00f3n fiscal B-87521316, inscrita en el Registro de Empresas de Madrid, Hoja M-621606, Tomo 34555, Folio 147.<\/p>\n<p><em><strong>Prop\u00f3sito del tratamiento:<\/strong><\/em> El prop\u00f3sito del tratamiento de sus datos es acceder a ciertos servicios, incluido el env\u00edo del bolet\u00edn y\/o comunicaciones comerciales y\/o promociones de Food Entrepreneurs, o el env\u00edo de informaci\u00f3n solicitada mediante formularios. Food Entrepreneurs no crear\u00e1 perfiles de usuarios. Los datos almacenados pueden incluir: nombre y apellidos; n\u00famero de tel\u00e9fono; correo electr\u00f3nico, empresa, sitio web, pa\u00eds y perfil de Linkedin.<\/p>\n<p><em><strong>Period of storage:<\/strong><\/em> Food Entrepreneurs shall store your personal data only for the period during which the relationship exists. Thereafter, the data shall be blocked and placed at the disposal of courts and other authorities in connection with potential liabilities arising from the processing of the data, and solely until these liabilities are statute-barred.<\/p>\n<p><em><strong>Legal basis of the processing:<\/strong><\/em> The legal basis for processing your personal data is the provision of IT services, including access to the newsletter, or of additional content information by Food Entrepreneurs, in respect of which you must give your consent freely and unambiguously, by a clear affirmative act consisting of reading and accepting this document.<\/p>\n<p><em><strong>Consent:<\/strong><\/em> By ticking the appropriate box, the User gives his\/her unambiguous consent to Food Entrepreneurs being able to use his\/her data for the purpose specified above.<br \/>\nHowever, you may withdraw, upon justified request, your consent to the processing of the personal data provided. To exercise this right, you should send an email to the following address <a href=\"mailto:sayhi@foodentrepreneurs.com\">sayhi@foodentrepreneurs.com<\/a> or send a letter to Food Entrepreneurs., Calle Serrano 219 1\u00ba-C \u2013 28016 Madrid, specifying \u201cDatos de Car\u00e1cter Personal\u201d (Personal Data) as the reference. Consent shall not be given with retroactive effect. In either case, the data subject must provide proof of identity.<\/p>\n<p><em><strong>Recipients of the disclosure of your personal data:<\/strong><\/em> The data provided shall not be disclosed to any third parties. No international transfers are envisaged.<br \/>\n<strong>Rights:<\/strong> You are hereby informed by Food Entrepreneurs that you may exercise at any time your rights of access to, rectification or erasure of the data provided, as well as your right to data portability and to object in respect thereof. In this event, you should submit your request to the data controller, by sending an email to the address <a href=\"mailto:sayhi@foodentrepreneurs.com\">sayhi@foodentrepreneurs.com<\/a>. You may also exercise the aforesaid rights by sending a letter to Food Entrepreneurs., Calle Serrano 219 1\u00ba-C \u2013 28016 Madrid, specifying \u201cDatos de Car\u00e1cter Personal\u201d (Personal Data) as the reference. In either case, proof of identity must be provided.<br \/>\n<em><strong>Security measures:<\/strong><\/em> Food Entrepreneurs, in turn, undertakes to process the data provided by you in a strictly confidential manner and to use all security measures established by law, in order to avoid any unauthorised access thereto or processing thereof. Notwithstanding this, Food Entrepreneurs may disclose to the relevant public authorities such personal data and such additional information as Food Entrepreneurs may possess through its IT systems and may be requested to Food Entrepreneurs, in accordance with any laws and regulations applicable.<\/p>\n","protected":false},"excerpt":{"rendered":"<p>Pol\u00edtica de Privacidad LEA DETENIDAMENTE ANTES DE PROPORCIONAR LOS DATOS PERSONALES SOLICITADOS. Food Entrepreneurs, con oficina registrada en Calle Serrano, 219 1\u00baC \u2013 28016 Madrid y con N\u00famero de Identificaci\u00f3n Fiscal B-87521316, inscrita en el Registro de Empresas de Madrid, Hoja M-621606, Tomo 34555, Folio 147, de acuerdo con el Reglamento (UE) 679\/2016, de 27 [&hellip;]<\/p>\n","protected":false},"author":1,"featured_media":0,"parent":0,"menu_order":90,"comment_status":"closed","ping_status":"closed","template":"","meta":{"inline_featured_image":false,"footnotes":""},"class_list":["post-3229","page","type-page","status-publish","hentry"],"acf":[],"yoast_head":"<!-- This site is optimized with the Yoast SEO plugin v27.5 - https:\/\/yoast.com\/product\/yoast-seo-wordpress\/ -->\n<title>Pol\u00edtica de Privacidad | Foodentrepreneurs<\/title>\n<meta name=\"description\" content=\"Pol\u00edtica de Privacidad LEA DETENIDAMENTE ANTES DE PROPORCIONAR LOS DATOS PERSONALES SOLICITADOS. Food Entrepreneurs, con oficina registrada en Calle\" \/>\n<meta name=\"robots\" content=\"index, follow, max-snippet:-1, max-image-preview:large, max-video-preview:-1\" \/>\n<link rel=\"canonical\" href=\"https:\/\/www.foodentrepreneurs.com\/es\/politica-de-privacidad\/\" \/>\n<meta property=\"og:locale\" content=\"es_ES\" \/>\n<meta property=\"og:type\" content=\"article\" \/>\n<meta property=\"og:title\" content=\"Pol\u00edtica de Privacidad | Foodentrepreneurs\" \/>\n<meta property=\"og:description\" content=\"Pol\u00edtica de Privacidad LEA DETENIDAMENTE ANTES DE PROPORCIONAR LOS DATOS PERSONALES SOLICITADOS. Food Entrepreneurs, con oficina registrada en Calle\" \/>\n<meta property=\"og:url\" content=\"https:\/\/www.foodentrepreneurs.com\/es\/politica-de-privacidad\/\" \/>\n<meta property=\"og:site_name\" content=\"Foodentrepreneurs\" \/>\n<meta property=\"article:modified_time\" content=\"2023-04-04T11:09:30+00:00\" \/>\n<meta property=\"og:image\" content=\"https:\/\/www.foodentrepreneurs.com\/wp-content\/uploads\/foodentrepreneurs-hero.png\" \/>\n\t<meta property=\"og:image:width\" content=\"1920\" \/>\n\t<meta property=\"og:image:height\" content=\"600\" \/>\n\t<meta property=\"og:image:type\" content=\"image\/png\" \/>\n<meta name=\"twitter:card\" content=\"summary_large_image\" \/>\n<meta name=\"twitter:site\" content=\"@FoodpreneursCOM\" \/>\n<meta name=\"twitter:label1\" content=\"Tiempo de lectura\" \/>\n\t<meta name=\"twitter:data1\" content=\"4 minutos\" \/>\n<script type=\"application\/ld+json\" class=\"yoast-schema-graph\">{\"@context\":\"https:\\\/\\\/schema.org\",\"@graph\":[{\"@type\":\"WebPage\",\"@id\":\"https:\\\/\\\/www.foodentrepreneurs.com\\\/es\\\/politica-de-privacidad\\\/\",\"url\":\"https:\\\/\\\/www.foodentrepreneurs.com\\\/es\\\/politica-de-privacidad\\\/\",\"name\":\"Pol\u00edtica de Privacidad | Foodentrepreneurs\",\"isPartOf\":{\"@id\":\"https:\\\/\\\/www.foodentrepreneurs.com\\\/es\\\/#website\"},\"datePublished\":\"2023-03-27T07:31:48+00:00\",\"dateModified\":\"2023-04-04T11:09:30+00:00\",\"description\":\"Pol\u00edtica de Privacidad LEA DETENIDAMENTE ANTES DE PROPORCIONAR LOS DATOS PERSONALES SOLICITADOS. Food Entrepreneurs, con oficina registrada en Calle\",\"breadcrumb\":{\"@id\":\"https:\\\/\\\/www.foodentrepreneurs.com\\\/es\\\/politica-de-privacidad\\\/#breadcrumb\"},\"inLanguage\":\"es\",\"potentialAction\":[{\"@type\":\"ReadAction\",\"target\":[\"https:\\\/\\\/www.foodentrepreneurs.com\\\/es\\\/politica-de-privacidad\\\/\"]}]},{\"@type\":\"BreadcrumbList\",\"@id\":\"https:\\\/\\\/www.foodentrepreneurs.com\\\/es\\\/politica-de-privacidad\\\/#breadcrumb\",\"itemListElement\":[{\"@type\":\"ListItem\",\"position\":1,\"name\":\"Home\",\"item\":\"https:\\\/\\\/www.foodentrepreneurs.com\\\/es\\\/\"},{\"@type\":\"ListItem\",\"position\":2,\"name\":\"Pol\u00edtica de Privacidad\"}]},{\"@type\":\"WebSite\",\"@id\":\"https:\\\/\\\/www.foodentrepreneurs.com\\\/es\\\/#website\",\"url\":\"https:\\\/\\\/www.foodentrepreneurs.com\\\/es\\\/\",\"name\":\"Foodentrepreneurs\",\"description\":\"Join the Food Revolution\",\"publisher\":{\"@id\":\"https:\\\/\\\/www.foodentrepreneurs.com\\\/es\\\/#organization\"},\"potentialAction\":[{\"@type\":\"SearchAction\",\"target\":{\"@type\":\"EntryPoint\",\"urlTemplate\":\"https:\\\/\\\/www.foodentrepreneurs.com\\\/es\\\/?s={search_term_string}\"},\"query-input\":{\"@type\":\"PropertyValueSpecification\",\"valueRequired\":true,\"valueName\":\"search_term_string\"}}],\"inLanguage\":\"es\"},{\"@type\":\"Organization\",\"@id\":\"https:\\\/\\\/www.foodentrepreneurs.com\\\/es\\\/#organization\",\"name\":\"Eatable Adventures SL\",\"url\":\"https:\\\/\\\/www.foodentrepreneurs.com\\\/es\\\/\",\"logo\":{\"@type\":\"ImageObject\",\"inLanguage\":\"es\",\"@id\":\"https:\\\/\\\/www.foodentrepreneurs.com\\\/es\\\/#\\\/schema\\\/logo\\\/image\\\/\",\"url\":\"https:\\\/\\\/www.foodentrepreneurs.com\\\/wp-content\\\/uploads\\\/favicon-foodentrepreneurs.png\",\"contentUrl\":\"https:\\\/\\\/www.foodentrepreneurs.com\\\/wp-content\\\/uploads\\\/favicon-foodentrepreneurs.png\",\"width\":140,\"height\":140,\"caption\":\"Eatable Adventures SL\"},\"image\":{\"@id\":\"https:\\\/\\\/www.foodentrepreneurs.com\\\/es\\\/#\\\/schema\\\/logo\\\/image\\\/\"},\"sameAs\":[\"https:\\\/\\\/x.com\\\/FoodpreneursCOM\"]}]}<\/script>\n<!-- \/ Yoast SEO plugin. -->","yoast_head_json":{"title":"Pol\u00edtica de Privacidad | Foodentrepreneurs","description":"Pol\u00edtica de Privacidad LEA DETENIDAMENTE ANTES DE PROPORCIONAR LOS DATOS PERSONALES SOLICITADOS. Food Entrepreneurs, con oficina registrada en Calle","robots":{"index":"index","follow":"follow","max-snippet":"max-snippet:-1","max-image-preview":"max-image-preview:large","max-video-preview":"max-video-preview:-1"},"canonical":"https:\/\/www.foodentrepreneurs.com\/es\/politica-de-privacidad\/","og_locale":"es_ES","og_type":"article","og_title":"Pol\u00edtica de Privacidad | Foodentrepreneurs","og_description":"Pol\u00edtica de Privacidad LEA DETENIDAMENTE ANTES DE PROPORCIONAR LOS DATOS PERSONALES SOLICITADOS. Food Entrepreneurs, con oficina registrada en Calle","og_url":"https:\/\/www.foodentrepreneurs.com\/es\/politica-de-privacidad\/","og_site_name":"Foodentrepreneurs","article_modified_time":"2023-04-04T11:09:30+00:00","og_image":[{"width":1920,"height":600,"url":"https:\/\/www.foodentrepreneurs.com\/wp-content\/uploads\/foodentrepreneurs-hero.png","type":"image\/png"}],"twitter_card":"summary_large_image","twitter_site":"@FoodpreneursCOM","twitter_misc":{"Tiempo de lectura":"4 minutos"},"schema":{"@context":"https:\/\/schema.org","@graph":[{"@type":"WebPage","@id":"https:\/\/www.foodentrepreneurs.com\/es\/politica-de-privacidad\/","url":"https:\/\/www.foodentrepreneurs.com\/es\/politica-de-privacidad\/","name":"Pol\u00edtica de Privacidad | Foodentrepreneurs","isPartOf":{"@id":"https:\/\/www.foodentrepreneurs.com\/es\/#website"},"datePublished":"2023-03-27T07:31:48+00:00","dateModified":"2023-04-04T11:09:30+00:00","description":"Pol\u00edtica de Privacidad LEA DETENIDAMENTE ANTES DE PROPORCIONAR LOS DATOS PERSONALES SOLICITADOS. Food Entrepreneurs, con oficina registrada en Calle","breadcrumb":{"@id":"https:\/\/www.foodentrepreneurs.com\/es\/politica-de-privacidad\/#breadcrumb"},"inLanguage":"es","potentialAction":[{"@type":"ReadAction","target":["https:\/\/www.foodentrepreneurs.com\/es\/politica-de-privacidad\/"]}]},{"@type":"BreadcrumbList","@id":"https:\/\/www.foodentrepreneurs.com\/es\/politica-de-privacidad\/#breadcrumb","itemListElement":[{"@type":"ListItem","position":1,"name":"Home","item":"https:\/\/www.foodentrepreneurs.com\/es\/"},{"@type":"ListItem","position":2,"name":"Pol\u00edtica de Privacidad"}]},{"@type":"WebSite","@id":"https:\/\/www.foodentrepreneurs.com\/es\/#website","url":"https:\/\/www.foodentrepreneurs.com\/es\/","name":"Foodentrepreneurs","description":"Join the Food Revolution","publisher":{"@id":"https:\/\/www.foodentrepreneurs.com\/es\/#organization"},"potentialAction":[{"@type":"SearchAction","target":{"@type":"EntryPoint","urlTemplate":"https:\/\/www.foodentrepreneurs.com\/es\/?s={search_term_string}"},"query-input":{"@type":"PropertyValueSpecification","valueRequired":true,"valueName":"search_term_string"}}],"inLanguage":"es"},{"@type":"Organization","@id":"https:\/\/www.foodentrepreneurs.com\/es\/#organization","name":"Eatable Adventures SL","url":"https:\/\/www.foodentrepreneurs.com\/es\/","logo":{"@type":"ImageObject","inLanguage":"es","@id":"https:\/\/www.foodentrepreneurs.com\/es\/#\/schema\/logo\/image\/","url":"https:\/\/www.foodentrepreneurs.com\/wp-content\/uploads\/favicon-foodentrepreneurs.png","contentUrl":"https:\/\/www.foodentrepreneurs.com\/wp-content\/uploads\/favicon-foodentrepreneurs.png","width":140,"height":140,"caption":"Eatable Adventures SL"},"image":{"@id":"https:\/\/www.foodentrepreneurs.com\/es\/#\/schema\/logo\/image\/"},"sameAs":["https:\/\/x.com\/FoodpreneursCOM"]}]}},"_links":{"self":[{"href":"https:\/\/www.foodentrepreneurs.com\/es\/wp-json\/wp\/v2\/pages\/3229","targetHints":{"allow":["GET"]}}],"collection":[{"href":"https:\/\/www.foodentrepreneurs.com\/es\/wp-json\/wp\/v2\/pages"}],"about":[{"href":"https:\/\/www.foodentrepreneurs.com\/es\/wp-json\/wp\/v2\/types\/page"}],"author":[{"embeddable":true,"href":"https:\/\/www.foodentrepreneurs.com\/es\/wp-json\/wp\/v2\/users\/1"}],"replies":[{"embeddable":true,"href":"https:\/\/www.foodentrepreneurs.com\/es\/wp-json\/wp\/v2\/comments?post=3229"}],"version-history":[{"count":0,"href":"https:\/\/www.foodentrepreneurs.com\/es\/wp-json\/wp\/v2\/pages\/3229\/revisions"}],"wp:attachment":[{"href":"https:\/\/www.foodentrepreneurs.com\/es\/wp-json\/wp\/v2\/media?parent=3229"}],"curies":[{"name":"wp","href":"https:\/\/api.w.org\/{rel}","templated":true}]}}